{"id":131,"date":"2019-06-25T09:41:35","date_gmt":"2019-06-25T07:41:35","guid":{"rendered":"http:\/\/eden-architecture.fr\/?page_id=131"},"modified":"2022-06-09T19:22:08","modified_gmt":"2022-06-09T17:22:08","slug":"mentions-legales","status":"publish","type":"page","link":"https:\/\/eden-architecture.fr\/?page_id=131","title":{"rendered":"Mentions l\u00e9gales"},"content":{"rendered":"<p>[et_pb_section fb_built=&#8221;1&#8243; _builder_version=&#8221;3.25.2&#8243;][et_pb_row _builder_version=&#8221;3.25.2&#8243;][et_pb_column type=&#8221;4_4&#8243; _builder_version=&#8221;3.25.2&#8243;][et_pb_text _builder_version=&#8221;4.6.2&#8243; text_font=&#8221;||||||||&#8221; hover_enabled=&#8221;0&#8243; sticky_enabled=&#8221;0&#8243;]<\/p>\n<p>Mentions l\u00e9gales :<\/p>\n<p>Votre utilisation de ce site web constitue votre acceptation des conditions g\u00e9n\u00e9rales et mentions d\u2019avertissement. Ce site peut contenir des liens vers d\u2019autres sites web. Nous n\u2019assumons aucune responsabilit\u00e9 sur le contenu des sites autres que ceux faisant partie de notre domaine. Vous vous engagez \u00e0 ne pas utiliser ce site \u00e0 des fins illicites ou interdites par les lois ou par les mentions l\u00e9gales et contractuelles.<\/p>\n<h3 id=\"m_-6504687045997677283yiv8688627289yui_3_16_0_ym19_1_1499105900345_13905\" dir=\"ltr\">Eden Architecture, EI<br \/>Groupe AKIRI Architecture, EI<\/h3>\n<p>Propri\u00e9taire du site et webmaster :<br \/>Monsieur Preston AKIRI, EI<br \/>Inscrit au tableau de l&#8217;Ordre des Architectes:<br \/>&#8211; Sous le n\u00b0 national : 037055<br \/>&#8211; Sous le n\u00b0 r\u00e9gional : 879<br \/>Assurance professionnelle aupr\u00e8s de : \u00a0Mutuelles des Architectes Fran\u00e7ais sous le num\u00e9ro\u00a038631\/R\/112<br \/>Adresse : \u00a06E, Rue Raymond Malmaison &#8211; B.P. 21,\u00a076301 Sotteville-l\u00e8s-Rouen Cedex<br \/>Siret : \u00a0380 282 319 00033<br \/>N\u00b0 de TVA intracommunautaire : FR93 380 282 319<br \/>Tel : +33 (0) 6 09 93 21 04<br \/>Adresse e-mail :\u00a0preston.akiri@yahoo.fr<\/p>\n<h3>Contenu<\/h3>\n<p>Nous apportons beaucoup d\u2019attention \u00e0 l\u2019exactitude des donn\u00e9es contenues sur notre site web. Si n\u00e9anmoins vous trouviez une information incorrecte ou erron\u00e9e dans nos pages, merci d\u2019en avertir le webmaster via le formulaire de contact.<\/p>\n<p>Les marques, logos et plus g\u00e9n\u00e9ralement tous les \u00e9l\u00e9ments de propri\u00e9t\u00e9 intellectuelle sont la propri\u00e9t\u00e9 de leur auteur, sont d\u00e9pos\u00e9s et prot\u00e9g\u00e9s \u00e0 ce titre. Toute utilisation ou reproduction est interdite. Par ailleurs, les informations contenues sur ce site doivent \u00eatre utilis\u00e9es \u00e0 des fins strictement personnelles. Tout type d\u2019utilisation, de reproduction, de copie ou de diffusion \u00e0 des fins commerciales est interdite.<\/p>\n<p>Nous d\u00e9clinons toute responsabilit\u00e9 quant au contenu des informations fournies sur des sites au titre de l\u2019activation de liens hypertexte.<\/p>\n<h3>H\u00e9bergeur<\/h3>\n<p>Ovh France<\/p>\n<p align=\"center\"><strong>Copyright \u00a9 2019. Tous droits r\u00e9serv\u00e9s<\/strong><\/p>\n<p>[\/et_pb_text][\/et_pb_column][\/et_pb_row][\/et_pb_section]<\/p>\n","protected":false},"excerpt":{"rendered":"<p>[et_pb_section fb_built=&#8221;1&#8243; _builder_version=&#8221;3.25.2&#8243;][et_pb_row _builder_version=&#8221;3.25.2&#8243;][et_pb_column type=&#8221;4_4&#8243; _builder_version=&#8221;3.25.2&#8243;][et_pb_text _builder_version=&#8221;4.6.2&#8243; text_font=&#8221;||||||||&#8221; hover_enabled=&#8221;0&#8243; sticky_enabled=&#8221;0&#8243;] Mentions l\u00e9gales : Votre utilisation de ce site web constitue votre acceptation des conditions g\u00e9n\u00e9rales et mentions d\u2019avertissement. Ce site peut contenir des liens vers d\u2019autres sites web. Nous n\u2019assumons aucune responsabilit\u00e9 sur le contenu des sites autres que ceux faisant partie de notre domaine. [&hellip;]<\/p>\n","protected":false},"author":1,"featured_media":0,"parent":0,"menu_order":0,"comment_status":"closed","ping_status":"closed","template":"","meta":{"_et_pb_use_builder":"on","_et_pb_old_content":"","_et_gb_content_width":""},"_links":{"self":[{"href":"https:\/\/eden-architecture.fr\/index.php?rest_route=\/wp\/v2\/pages\/131"}],"collection":[{"href":"https:\/\/eden-architecture.fr\/index.php?rest_route=\/wp\/v2\/pages"}],"about":[{"href":"https:\/\/eden-architecture.fr\/index.php?rest_route=\/wp\/v2\/types\/page"}],"author":[{"embeddable":true,"href":"https:\/\/eden-architecture.fr\/index.php?rest_route=\/wp\/v2\/users\/1"}],"replies":[{"embeddable":true,"href":"https:\/\/eden-architecture.fr\/index.php?rest_route=%2Fwp%2Fv2%2Fcomments&post=131"}],"version-history":[{"count":6,"href":"https:\/\/eden-architecture.fr\/index.php?rest_route=\/wp\/v2\/pages\/131\/revisions"}],"predecessor-version":[{"id":1020,"href":"https:\/\/eden-architecture.fr\/index.php?rest_route=\/wp\/v2\/pages\/131\/revisions\/1020"}],"wp:attachment":[{"href":"https:\/\/eden-architecture.fr\/index.php?rest_route=%2Fwp%2Fv2%2Fmedia&parent=131"}],"curies":[{"name":"wp","href":"https:\/\/api.w.org\/{rel}","templated":true}]}}