{"id":682,"date":"2019-07-07T20:18:48","date_gmt":"2019-07-07T18:18:48","guid":{"rendered":"https:\/\/eden-architecture.fr\/?page_id=682"},"modified":"2019-12-28T18:22:54","modified_gmt":"2019-12-28T17:22:54","slug":"construction-dun-centre-medico-sportif","status":"publish","type":"page","link":"https:\/\/eden-architecture.fr\/?page_id=682","title":{"rendered":"Construction d&#8217;un Centre m\u00e9dico-sportif"},"content":{"rendered":"<p>[et_pb_section fb_built=&#8221;1&#8243; admin_label=&#8221;About Section&#8221; _builder_version=&#8221;3.25.2&#8243; background_color=&#8221;#f7f7f7&#8243; min_height=&#8221;100px&#8221; height=&#8221;100px&#8221; custom_padding=&#8221;90px||90px|&#8221;][et_pb_row custom_padding=&#8221;27px|0px|0px|0px||&#8221; custom_margin=&#8221;|||&#8221; admin_label=&#8221;Section Title&#8221; _builder_version=&#8221;3.25&#8243; locked=&#8221;off&#8221;][et_pb_column type=&#8221;4_4&#8243; _builder_version=&#8221;3.25&#8243; custom_padding=&#8221;|||&#8221; custom_padding__hover=&#8221;|||&#8221;][et_pb_text admin_label=&#8221;Title&#8221; _builder_version=&#8221;3.25.2&#8243; text_font=&#8221;||||||||&#8221; text_line_height=&#8221;2.8em&#8221; header_font=&#8221;||||||||&#8221; header_2_font=&#8221;Montserrat|600||on|||||&#8221; header_2_text_align=&#8221;center&#8221; header_2_font_size=&#8221;30px&#8221; custom_margin=&#8221;||5px|&#8221; custom_padding=&#8221;||5px&#8221; animation_style=&#8221;slide&#8221; animation_direction=&#8221;top&#8221; animation_intensity_slide=&#8221;20%&#8221; animation_starting_opacity=&#8221;100%&#8221;]<\/p>\n<h2>Construction d&#8217;un Centre m\u00e9dico-sportif \u00e0 Boutheroulde (27520),<\/h2>\n<h2>(Pr\u00e8s d&#8217;un Pigeonnier class\u00e9 Monument historique)<\/h2>\n<p>&nbsp;<\/p>\n<p>[\/et_pb_text][\/et_pb_column][\/et_pb_row][\/et_pb_section][et_pb_section fb_built=&#8221;1&#8243; _builder_version=&#8221;3.25.2&#8243;][et_pb_row make_equal=&#8221;on&#8221; _builder_version=&#8221;3.25.2&#8243; width=&#8221;95%&#8221; max_width=&#8221;2050px&#8221;][et_pb_column type=&#8221;4_4&#8243; _builder_version=&#8221;3.25.2&#8243;][et_pb_image src=&#8221;https:\/\/eden-architecture.fr\/wp-content\/uploads\/2019\/07\/Kimed-Fiche-technique.jpg&#8221; align=&#8221;center&#8221; _builder_version=&#8221;3.25.2&#8243; width=&#8221;80%&#8221; max_width=&#8221;100%&#8221;][\/et_pb_image][et_pb_image src=&#8221;https:\/\/eden-architecture.fr\/wp-content\/uploads\/2019\/07\/Kimed-Fa\u00e7ades-principales.jpg&#8221; align=&#8221;center&#8221; _builder_version=&#8221;3.25.2&#8243; width=&#8221;80%&#8221; max_width=&#8221;100%&#8221;][\/et_pb_image][et_pb_image src=&#8221;https:\/\/eden-architecture.fr\/wp-content\/uploads\/2019\/07\/Kimed-Fiche-n\u00b0-2-Extrait.jpg&#8221; align=&#8221;center&#8221; _builder_version=&#8221;3.25.2&#8243; width=&#8221;80%&#8221; max_width=&#8221;100%&#8221;][\/et_pb_image][\/et_pb_column][\/et_pb_row][\/et_pb_section]<\/p>\n","protected":false},"excerpt":{"rendered":"<p>[et_pb_section fb_built=&#8221;1&#8243; admin_label=&#8221;About Section&#8221; _builder_version=&#8221;3.25.2&#8243; background_color=&#8221;#f7f7f7&#8243; min_height=&#8221;100px&#8221; height=&#8221;100px&#8221; custom_padding=&#8221;90px||90px|&#8221;][et_pb_row custom_padding=&#8221;27px|0px|0px|0px||&#8221; custom_margin=&#8221;|||&#8221; admin_label=&#8221;Section Title&#8221; _builder_version=&#8221;3.25&#8243; locked=&#8221;off&#8221;][et_pb_column type=&#8221;4_4&#8243; _builder_version=&#8221;3.25&#8243; custom_padding=&#8221;|||&#8221; custom_padding__hover=&#8221;|||&#8221;][et_pb_text admin_label=&#8221;Title&#8221; _builder_version=&#8221;3.25.2&#8243; text_font=&#8221;||||||||&#8221; text_line_height=&#8221;2.8em&#8221; header_font=&#8221;||||||||&#8221; header_2_font=&#8221;Montserrat|600||on|||||&#8221; header_2_text_align=&#8221;center&#8221; header_2_font_size=&#8221;30px&#8221; custom_margin=&#8221;||5px|&#8221; custom_padding=&#8221;||5px&#8221; animation_style=&#8221;slide&#8221; animation_direction=&#8221;top&#8221; animation_intensity_slide=&#8221;20%&#8221; animation_starting_opacity=&#8221;100%&#8221;] Construction d&#8217;un Centre m\u00e9dico-sportif \u00e0 Boutheroulde (27520), (Pr\u00e8s d&#8217;un Pigeonnier class\u00e9 Monument historique) &nbsp; [\/et_pb_text][\/et_pb_column][\/et_pb_row][\/et_pb_section][et_pb_section fb_built=&#8221;1&#8243; _builder_version=&#8221;3.25.2&#8243;][et_pb_row make_equal=&#8221;on&#8221; _builder_version=&#8221;3.25.2&#8243; width=&#8221;95%&#8221; max_width=&#8221;2050px&#8221;][et_pb_column type=&#8221;4_4&#8243; [&hellip;]<\/p>\n","protected":false},"author":1,"featured_media":0,"parent":0,"menu_order":0,"comment_status":"closed","ping_status":"closed","template":"","meta":{"_et_pb_use_builder":"on","_et_pb_old_content":"","_et_gb_content_width":""},"_links":{"self":[{"href":"https:\/\/eden-architecture.fr\/index.php?rest_route=\/wp\/v2\/pages\/682"}],"collection":[{"href":"https:\/\/eden-architecture.fr\/index.php?rest_route=\/wp\/v2\/pages"}],"about":[{"href":"https:\/\/eden-architecture.fr\/index.php?rest_route=\/wp\/v2\/types\/page"}],"author":[{"embeddable":true,"href":"https:\/\/eden-architecture.fr\/index.php?rest_route=\/wp\/v2\/users\/1"}],"replies":[{"embeddable":true,"href":"https:\/\/eden-architecture.fr\/index.php?rest_route=%2Fwp%2Fv2%2Fcomments&post=682"}],"version-history":[{"count":5,"href":"https:\/\/eden-architecture.fr\/index.php?rest_route=\/wp\/v2\/pages\/682\/revisions"}],"predecessor-version":[{"id":950,"href":"https:\/\/eden-architecture.fr\/index.php?rest_route=\/wp\/v2\/pages\/682\/revisions\/950"}],"wp:attachment":[{"href":"https:\/\/eden-architecture.fr\/index.php?rest_route=%2Fwp%2Fv2%2Fmedia&parent=682"}],"curies":[{"name":"wp","href":"https:\/\/api.w.org\/{rel}","templated":true}]}}