{"id":712,"date":"2019-07-07T23:01:32","date_gmt":"2019-07-07T21:01:32","guid":{"rendered":"https:\/\/eden-architecture.fr\/?page_id=712"},"modified":"2019-12-28T20:29:31","modified_gmt":"2019-12-28T19:29:31","slug":"surelevation-dune-maison-individuelle-a-grand-quevilly-76120","status":"publish","type":"page","link":"https:\/\/eden-architecture.fr\/?page_id=712","title":{"rendered":"Sur\u00e9l\u00e9vation d&#8217;une maison individuelle \u00e0 Grand-Quevilly (76120)"},"content":{"rendered":"<p>[et_pb_section fb_built=&#8221;1&#8243; admin_label=&#8221;About Section&#8221; _builder_version=&#8221;3.25.2&#8243; background_color=&#8221;#f7f7f7&#8243; min_height=&#8221;100px&#8221; height=&#8221;100px&#8221; custom_padding=&#8221;90px||9px|||&#8221;][et_pb_row custom_padding=&#8221;27px|0px|0px|0px||&#8221; custom_margin=&#8221;|||&#8221; admin_label=&#8221;Section Title&#8221; _builder_version=&#8221;3.25&#8243; locked=&#8221;off&#8221;][et_pb_column type=&#8221;4_4&#8243; _builder_version=&#8221;3.25&#8243; custom_padding=&#8221;|||&#8221; custom_padding__hover=&#8221;|||&#8221;][et_pb_text admin_label=&#8221;Title&#8221; _builder_version=&#8221;3.25.2&#8243; text_font=&#8221;||||||||&#8221; text_line_height=&#8221;2.8em&#8221; header_font=&#8221;||||||||&#8221; header_2_font=&#8221;Montserrat|600||on|||||&#8221; header_2_text_align=&#8221;center&#8221; header_2_font_size=&#8221;30px&#8221; custom_margin=&#8221;||5px|&#8221; custom_padding=&#8221;||5px&#8221; animation_style=&#8221;slide&#8221; animation_direction=&#8221;top&#8221; animation_intensity_slide=&#8221;20%&#8221; animation_starting_opacity=&#8221;100%&#8221;]<\/p>\n<h2>Sur\u00e9l\u00e9vation d&#8217;une maison individuelle \u00e0 Grand-Quevilly (76120)<\/h2>\n<p>&nbsp;<\/p>\n<p>[\/et_pb_text][\/et_pb_column][\/et_pb_row][\/et_pb_section][et_pb_section fb_built=&#8221;1&#8243; _builder_version=&#8221;3.25.2&#8243;][et_pb_row column_structure=&#8221;1_2,1_2&#8243; make_equal=&#8221;on&#8221; _builder_version=&#8221;3.25.2&#8243; width=&#8221;90%&#8221; max_width=&#8221;2050px&#8221;][et_pb_column type=&#8221;1_2&#8243; _builder_version=&#8221;3.25.2&#8243;][et_pb_text _builder_version=&#8221;3.25.2&#8243; text_font=&#8221;||||||||&#8221; text_font_size=&#8221;24px&#8221; ul_font=&#8221;||||||||&#8221;]<\/p>\n<p style=\"text-align: center;\"><strong>Vues Ouest depuis la Rue, Avant et apr\u00e8s les travaux<\/strong><\/p>\n<p>[\/et_pb_text][et_pb_image src=&#8221;https:\/\/eden-architecture.fr\/wp-content\/uploads\/2019\/07\/Vue-depuis-la-Rue-du-Dr.-Roux-Avant-les-travaux.jpg&#8221; align=&#8221;right&#8221; _builder_version=&#8221;3.25.2&#8243; width=&#8221;95%&#8221;][\/et_pb_image][et_pb_image src=&#8221;https:\/\/eden-architecture.fr\/wp-content\/uploads\/2019\/07\/Guermond-Vue-du-c\u00f4t\u00e9-Rue-du-Dr.-Pierre-\u00c9mile-Roux.jpg&#8221; align=&#8221;right&#8221; _builder_version=&#8221;3.25.2&#8243; max_width=&#8221;95%&#8221;][\/et_pb_image][\/et_pb_column][et_pb_column type=&#8221;1_2&#8243; _builder_version=&#8221;3.25.2&#8243;][et_pb_image src=&#8221;https:\/\/eden-architecture.fr\/wp-content\/uploads\/2019\/07\/Travaux-pour-Bien-vieillir-chez-soi.jpg&#8221; _builder_version=&#8221;3.25.2&#8243;][\/et_pb_image][et_pb_image src=&#8221;https:\/\/eden-architecture.fr\/wp-content\/uploads\/2019\/07\/Guermond-Pignon-Sud-est-1.jpg&#8221; _builder_version=&#8221;3.25.2&#8243;][\/et_pb_image][\/et_pb_column][\/et_pb_row][\/et_pb_section][et_pb_section fb_built=&#8221;1&#8243; _builder_version=&#8221;3.25.2&#8243;][et_pb_row column_structure=&#8221;1_2,1_2&#8243; _builder_version=&#8221;3.25.2&#8243; width=&#8221;100%&#8221; max_width=&#8221;1430px&#8221;][et_pb_column type=&#8221;1_2&#8243; _builder_version=&#8221;3.25.2&#8243;][et_pb_text _builder_version=&#8221;3.25.2&#8243; text_font=&#8221;||||||||&#8221; text_font_size=&#8221;24px&#8221; ul_font=&#8221;||||||||&#8221;]<\/p>\n<p style=\"text-align: center;\"><strong>Vues du Pignon Nord-ouest, Avant et apr\u00e8s les travaux<\/strong><\/p>\n<p>[\/et_pb_text][et_pb_image src=&#8221;https:\/\/eden-architecture.fr\/wp-content\/uploads\/2019\/07\/Vue-Nord-ouest-Avant-les-travaux-2.jpg&#8221; align=&#8221;center&#8221; _builder_version=&#8221;3.25.2&#8243; width=&#8221;100%&#8221; max_width=&#8221;100%&#8221;][\/et_pb_image][et_pb_image src=&#8221;https:\/\/eden-architecture.fr\/wp-content\/uploads\/2019\/07\/Guermond-Pignon-Nord-ouest.jpg&#8221; align=&#8221;center&#8221; _builder_version=&#8221;3.25.2&#8243; width=&#8221;100%&#8221; max_width=&#8221;100%&#8221;][\/et_pb_image][\/et_pb_column][et_pb_column type=&#8221;1_2&#8243; _builder_version=&#8221;3.25.2&#8243;][et_pb_text _builder_version=&#8221;3.25.2&#8243; text_font=&#8221;||||||||&#8221; text_font_size=&#8221;24px&#8221; ul_font=&#8221;||||||||&#8221;]<\/p>\n<p style=\"text-align: center;\"><strong>Vues du Pignon Sud-est<\/strong><\/p>\n<p>[\/et_pb_text][et_pb_image src=&#8221;https:\/\/eden-architecture.fr\/wp-content\/uploads\/2019\/07\/Guermond-Fa\u00e7ade-Sud-ouest-et-Pignon-Sud-est-1.jpg&#8221; _builder_version=&#8221;3.25.2&#8243;][\/et_pb_image][et_pb_image src=&#8221;https:\/\/eden-architecture.fr\/wp-content\/uploads\/2019\/07\/Guermond-Pignon-Sud-est-1-1.jpg&#8221; _builder_version=&#8221;3.25.2&#8243;][\/et_pb_image][\/et_pb_column][\/et_pb_row][\/et_pb_section][et_pb_section fb_built=&#8221;1&#8243; _builder_version=&#8221;3.25.2&#8243;][et_pb_row column_structure=&#8221;1_2,1_2&#8243; _builder_version=&#8221;3.25.2&#8243; width=&#8221;100%&#8221; max_width=&#8221;1430px&#8221;][et_pb_column type=&#8221;1_2&#8243; _builder_version=&#8221;3.25.2&#8243;][et_pb_text _builder_version=&#8221;3.25.2&#8243; text_font=&#8221;||||||||&#8221; text_font_size=&#8221;24px&#8221; ul_font=&#8221;||||||||&#8221;]<\/p>\n<p style=\"text-align: center;\"><strong>Vue de la fa\u00e7ade principale (C\u00f4t\u00e9 terrasse)<\/strong><\/p>\n<p>[\/et_pb_text][et_pb_image src=&#8221;https:\/\/eden-architecture.fr\/wp-content\/uploads\/2019\/07\/Guermond-Photo-1-C\u00f4t\u00e9-Rue-du-Dr.-Pierre-\u00c9mile-Roux.jpg&#8221; align=&#8221;center&#8221; _builder_version=&#8221;3.25.2&#8243; width=&#8221;100%&#8221; max_width=&#8221;100%&#8221;][\/et_pb_image][et_pb_text _builder_version=&#8221;3.25.2&#8243; text_font=&#8221;||||||||&#8221; text_font_size=&#8221;24px&#8221; ul_font=&#8221;||||||||&#8221;]<\/p>\n<p style=\"text-align: center;\"><strong>Vue de la fa\u00e7ade arri\u00e8re (C\u00f4t\u00e9 entr\u00e9e)<\/strong><\/p>\n<p>[\/et_pb_text][et_pb_image src=&#8221;https:\/\/eden-architecture.fr\/wp-content\/uploads\/2019\/07\/Guermond-Photo-1-Entr\u00e9e.jpg&#8221; align=&#8221;center&#8221; _builder_version=&#8221;3.25.2&#8243; width=&#8221;100%&#8221; max_width=&#8221;100%&#8221;][\/et_pb_image][\/et_pb_column][et_pb_column type=&#8221;1_2&#8243; _builder_version=&#8221;3.25.2&#8243;][et_pb_text _builder_version=&#8221;3.25.2&#8243; text_font=&#8221;||||||||&#8221; text_font_size=&#8221;24px&#8221; ul_font=&#8221;||||||||&#8221;]<\/p>\n<p style=\"text-align: center;\"><strong>Vues de la fa\u00e7ade Sud-ouest et du pignon Sud-est<\/strong><\/p>\n<p>[\/et_pb_text][et_pb_image src=&#8221;https:\/\/eden-architecture.fr\/wp-content\/uploads\/2019\/07\/Guermond-Fa\u00e7ade-Sud-ouest.jpg&#8221; _builder_version=&#8221;3.25.2&#8243;][\/et_pb_image][et_pb_image src=&#8221;https:\/\/eden-architecture.fr\/wp-content\/uploads\/2019\/07\/Guermond-Pignon-Sud-est-1-1.jpg&#8221; _builder_version=&#8221;3.25.2&#8243;][\/et_pb_image][\/et_pb_column][\/et_pb_row][\/et_pb_section][et_pb_section fb_built=&#8221;1&#8243; _builder_version=&#8221;3.25.2&#8243;][et_pb_row column_structure=&#8221;1_2,1_2&#8243; _builder_version=&#8221;3.25.2&#8243; width=&#8221;100%&#8221; max_width=&#8221;1430px&#8221;][et_pb_column type=&#8221;1_2&#8243; _builder_version=&#8221;3.25.2&#8243;][et_pb_text _builder_version=&#8221;3.25.2&#8243; text_font=&#8221;||||||||&#8221; text_font_size=&#8221;24px&#8221; ul_font=&#8221;||||||||&#8221;]<\/p>\n<p style=\"text-align: center;\"><strong>Pignon Sud-est et le balcon donnant sur le cerisier<\/strong><\/p>\n<p>[\/et_pb_text][et_pb_image src=&#8221;https:\/\/eden-architecture.fr\/wp-content\/uploads\/2019\/07\/Guermond-Pignon-Sud-est-2.jpg&#8221; align=&#8221;center&#8221; _builder_version=&#8221;3.25.2&#8243; width=&#8221;100%&#8221; max_width=&#8221;100%&#8221;][\/et_pb_image][\/et_pb_column][et_pb_column type=&#8221;1_2&#8243; _builder_version=&#8221;3.25.2&#8243;][et_pb_text _builder_version=&#8221;3.25.2&#8243; text_font=&#8221;||||||||&#8221; text_font_size=&#8221;24px&#8221; ul_font=&#8221;||||||||&#8221;]<\/p>\n<p style=\"text-align: center;\"><strong>Angle de la fa\u00e7ade Sud-ouest et du pignon Sud-est<\/strong><\/p>\n<p>[\/et_pb_text][et_pb_image src=&#8221;https:\/\/eden-architecture.fr\/wp-content\/uploads\/2019\/07\/Guermond-Angle-Fa\u00e7ade-Sud-ouest-et-Pignon-Sud-est.jpg&#8221; _builder_version=&#8221;3.25.2&#8243;][\/et_pb_image][\/et_pb_column][\/et_pb_row][\/et_pb_section][et_pb_section fb_built=&#8221;1&#8243; _builder_version=&#8221;3.25.2&#8243;][et_pb_row _builder_version=&#8221;3.25.2&#8243; width=&#8221;100%&#8221; max_width=&#8221;1430px&#8221;][et_pb_column type=&#8221;4_4&#8243; _builder_version=&#8221;3.25.2&#8243;][et_pb_text _builder_version=&#8221;3.25.2&#8243; text_font=&#8221;||||||||&#8221; text_font_size=&#8221;36px&#8221; ul_font=&#8221;||||||||&#8221;]<\/p>\n<p style=\"text-align: center;\"><strong>Fiche technique du projet<\/strong><\/p>\n<p>[\/et_pb_text][et_pb_image src=&#8221;https:\/\/eden-architecture.fr\/wp-content\/uploads\/2019\/07\/Guermond-Fiche-R\u00e9f\u00e9rences-MMT.jpg&#8221; align=&#8221;center&#8221; _builder_version=&#8221;3.25.2&#8243; width=&#8221;100%&#8221; max_width=&#8221;100%&#8221;][\/et_pb_image][et_pb_text _builder_version=&#8221;3.25.2&#8243; text_font=&#8221;||||||||&#8221; text_font_size=&#8221;24px&#8221; ul_font=&#8221;||||||||&#8221;]<\/p>\n<p style=\"text-align: center;\"><strong>Vue sur la composition de lucarnes &amp; murs avec finitions en clins bois<\/strong><\/p>\n<p>[\/et_pb_text][et_pb_image src=&#8221;https:\/\/eden-architecture.fr\/wp-content\/uploads\/2019\/07\/Guermond-Photo-1-Lucarnes.jpg&#8221; _builder_version=&#8221;3.25.2&#8243;][\/et_pb_image][\/et_pb_column][\/et_pb_row][\/et_pb_section]<\/p>\n","protected":false},"excerpt":{"rendered":"<p>[et_pb_section fb_built=&#8221;1&#8243; admin_label=&#8221;About Section&#8221; _builder_version=&#8221;3.25.2&#8243; background_color=&#8221;#f7f7f7&#8243; min_height=&#8221;100px&#8221; height=&#8221;100px&#8221; custom_padding=&#8221;90px||9px|||&#8221;][et_pb_row custom_padding=&#8221;27px|0px|0px|0px||&#8221; custom_margin=&#8221;|||&#8221; admin_label=&#8221;Section Title&#8221; _builder_version=&#8221;3.25&#8243; locked=&#8221;off&#8221;][et_pb_column type=&#8221;4_4&#8243; _builder_version=&#8221;3.25&#8243; custom_padding=&#8221;|||&#8221; custom_padding__hover=&#8221;|||&#8221;][et_pb_text admin_label=&#8221;Title&#8221; _builder_version=&#8221;3.25.2&#8243; text_font=&#8221;||||||||&#8221; text_line_height=&#8221;2.8em&#8221; header_font=&#8221;||||||||&#8221; header_2_font=&#8221;Montserrat|600||on|||||&#8221; header_2_text_align=&#8221;center&#8221; header_2_font_size=&#8221;30px&#8221; custom_margin=&#8221;||5px|&#8221; custom_padding=&#8221;||5px&#8221; animation_style=&#8221;slide&#8221; animation_direction=&#8221;top&#8221; animation_intensity_slide=&#8221;20%&#8221; animation_starting_opacity=&#8221;100%&#8221;] Sur\u00e9l\u00e9vation d&#8217;une maison individuelle \u00e0 Grand-Quevilly (76120) &nbsp; [\/et_pb_text][\/et_pb_column][\/et_pb_row][\/et_pb_section][et_pb_section fb_built=&#8221;1&#8243; _builder_version=&#8221;3.25.2&#8243;][et_pb_row column_structure=&#8221;1_2,1_2&#8243; make_equal=&#8221;on&#8221; _builder_version=&#8221;3.25.2&#8243; width=&#8221;90%&#8221; max_width=&#8221;2050px&#8221;][et_pb_column type=&#8221;1_2&#8243; _builder_version=&#8221;3.25.2&#8243;][et_pb_text _builder_version=&#8221;3.25.2&#8243; text_font=&#8221;||||||||&#8221; text_font_size=&#8221;24px&#8221; ul_font=&#8221;||||||||&#8221;] [&hellip;]<\/p>\n","protected":false},"author":1,"featured_media":0,"parent":0,"menu_order":0,"comment_status":"closed","ping_status":"closed","template":"","meta":{"_et_pb_use_builder":"on","_et_pb_old_content":"","_et_gb_content_width":""},"_links":{"self":[{"href":"https:\/\/eden-architecture.fr\/index.php?rest_route=\/wp\/v2\/pages\/712"}],"collection":[{"href":"https:\/\/eden-architecture.fr\/index.php?rest_route=\/wp\/v2\/pages"}],"about":[{"href":"https:\/\/eden-architecture.fr\/index.php?rest_route=\/wp\/v2\/types\/page"}],"author":[{"embeddable":true,"href":"https:\/\/eden-architecture.fr\/index.php?rest_route=\/wp\/v2\/users\/1"}],"replies":[{"embeddable":true,"href":"https:\/\/eden-architecture.fr\/index.php?rest_route=%2Fwp%2Fv2%2Fcomments&post=712"}],"version-history":[{"count":21,"href":"https:\/\/eden-architecture.fr\/index.php?rest_route=\/wp\/v2\/pages\/712\/revisions"}],"predecessor-version":[{"id":955,"href":"https:\/\/eden-architecture.fr\/index.php?rest_route=\/wp\/v2\/pages\/712\/revisions\/955"}],"wp:attachment":[{"href":"https:\/\/eden-architecture.fr\/index.php?rest_route=%2Fwp%2Fv2%2Fmedia&parent=712"}],"curies":[{"name":"wp","href":"https:\/\/api.w.org\/{rel}","templated":true}]}}